{"id":13,"date":"2019-01-09T13:33:52","date_gmt":"2019-01-09T13:33:52","guid":{"rendered":"http:\/\/test3.reitschule.ch\/reitschule\/druckitest\/?page_id=13"},"modified":"2025-12-18T12:30:37","modified_gmt":"2025-12-18T12:30:37","slug":"kontakt","status":"publish","type":"page","link":"https:\/\/reitschule.ch\/reitschule\/druckundfoto\/drucki\/?page_id=13","title":{"rendered":"Kontakt &#038; \u00d6ffnungszeiten"},"content":{"rendered":"<p><strong>\u00d6ffnungszeiten<\/strong><br \/>\nDienstag bis Freitag von 13.30 bis 17.30 beraten wir dich gerne in der Druckerei. Wenn wir das Telefon nicht abnehmen k\u00f6nnen, kannst du eine e-mail schreiben und wir melden uns zur\u00fcck.<\/p>\n<p>Sollte das Tor beim Haupteingang der Reitschule geschlossen sein, rufst du uns kurz an und wir schliessen dir auf.<\/p>\n<p><strong>Postanschrift:<\/strong><br \/>\nDruckerei Reitschule<br \/>\nNeubr\u00fcckstrasse 8<br \/>\n3012 Bern<\/p>\n<p>drucki@reitschule.ch<br \/>\nTel. 031 306 69 65<\/p>\n<p><strong>Kontodaten:<\/strong><br \/>\nIBAN: CH43 0900 0000 3041 3016 5<br \/>\nDruckerei Reitschule, Neubr\u00fcckstrasse 8, 3013 Bern<\/p>\n<p>F\u00fcr verschl\u00fcsselten eMail-Kontakt findest du unseren OpenPGP-Schl\u00fcssel <a href=\"https:\/\/keys.openpgp.org\/search?q=drucki%40reitschule.ch\" target=\"_blank\" rel=\"noopener\">hier<\/a><\/p>\n<p><strong><\/strong><\/p>\n","protected":false},"excerpt":{"rendered":"<p>\u00d6ffnungszeiten Dienstag bis Freitag von 13.30 bis 17.30 beraten wir dich gerne in der Druckerei. Wenn wir das Telefon nicht abnehmen k\u00f6nnen, kannst du eine e-mail schreiben und wir melden uns zur\u00fcck. Sollte das Tor beim Haupteingang der Reitschule geschlossen sein, rufst du uns kurz an und wir schliessen dir [&hellip;]<\/p>\n","protected":false},"author":1,"featured_media":0,"parent":0,"menu_order":3,"comment_status":"closed","ping_status":"closed","template":"","meta":{"_themeisle_gutenberg_block_has_review":false,"footnotes":""},"class_list":["post-13","page","type-page","status-publish","hentry"],"_links":{"self":[{"href":"https:\/\/reitschule.ch\/reitschule\/druckundfoto\/drucki\/index.php?rest_route=\/wp\/v2\/pages\/13","targetHints":{"allow":["GET"]}}],"collection":[{"href":"https:\/\/reitschule.ch\/reitschule\/druckundfoto\/drucki\/index.php?rest_route=\/wp\/v2\/pages"}],"about":[{"href":"https:\/\/reitschule.ch\/reitschule\/druckundfoto\/drucki\/index.php?rest_route=\/wp\/v2\/types\/page"}],"author":[{"embeddable":true,"href":"https:\/\/reitschule.ch\/reitschule\/druckundfoto\/drucki\/index.php?rest_route=\/wp\/v2\/users\/1"}],"replies":[{"embeddable":true,"href":"https:\/\/reitschule.ch\/reitschule\/druckundfoto\/drucki\/index.php?rest_route=%2Fwp%2Fv2%2Fcomments&post=13"}],"version-history":[{"count":17,"href":"https:\/\/reitschule.ch\/reitschule\/druckundfoto\/drucki\/index.php?rest_route=\/wp\/v2\/pages\/13\/revisions"}],"predecessor-version":[{"id":866,"href":"https:\/\/reitschule.ch\/reitschule\/druckundfoto\/drucki\/index.php?rest_route=\/wp\/v2\/pages\/13\/revisions\/866"}],"wp:attachment":[{"href":"https:\/\/reitschule.ch\/reitschule\/druckundfoto\/drucki\/index.php?rest_route=%2Fwp%2Fv2%2Fmedia&parent=13"}],"curies":[{"name":"wp","href":"https:\/\/api.w.org\/{rel}","templated":true}]}}