{"id":40,"date":"2019-01-16T10:12:35","date_gmt":"2019-01-16T10:12:35","guid":{"rendered":"http:\/\/test3.reitschule.ch\/reitschule\/druckitest\/?page_id=40"},"modified":"2019-02-27T15:41:51","modified_gmt":"2019-02-27T15:41:51","slug":"siebdruck","status":"publish","type":"page","link":"https:\/\/reitschule.ch\/reitschule\/druckundfoto\/drucki\/?page_id=40","title":{"rendered":"Siebdruck"},"content":{"rendered":"<p><strong>Siebdruck<\/strong><br \/>\nIm Siebdruck lassen sich alle Materialien mit einigermassen glatter Oberfl\u00e4che bedrucken: Papier, Karton , Holz, Plexiglas, Blech, Stein und fast alle Textiilen. Ausser den g\u00e4ngigen Farben k\u00f6nnen Neonfarben, metallische Farben, Reflektorfarben, Nachleuchtfarben, Glitzer und Glimmer verwendet werden. Weil der Farbauftrag gegen\u00fcber anderen Drucktechniken sehr hoch ist, wirken die Farben intensiver und sind auch im Aussenbereich sehr best\u00e4ndig.<br \/>\nWir sind f\u00fcr vielfarbige Drucke und Formate bis A0 resp. F4 (Weltformat) ausgestattet. Mit unserem Karussell bedrucken wir \u00fcberdies T-Shirts, Stofftaschen, Trikots und andere Textilien passgenau bis ca. 43 x 57 mit maximal drei Farben.<\/p>\n","protected":false},"excerpt":{"rendered":"<p>Siebdruck Im Siebdruck lassen sich alle Materialien mit einigermassen glatter Oberfl\u00e4che bedrucken: Papier, Karton , Holz, Plexiglas, Blech, Stein und fast alle Textiilen. Ausser den g\u00e4ngigen Farben k\u00f6nnen Neonfarben, metallische Farben, Reflektorfarben, Nachleuchtfarben, Glitzer und Glimmer verwendet werden. Weil der Farbauftrag gegen\u00fcber anderen Drucktechniken sehr hoch ist, wirken die Farben [&hellip;]<\/p>\n","protected":false},"author":1,"featured_media":0,"parent":8,"menu_order":0,"comment_status":"closed","ping_status":"closed","template":"","meta":{"_themeisle_gutenberg_block_has_review":false,"footnotes":""},"class_list":["post-40","page","type-page","status-publish","hentry"],"_links":{"self":[{"href":"https:\/\/reitschule.ch\/reitschule\/druckundfoto\/drucki\/index.php?rest_route=\/wp\/v2\/pages\/40","targetHints":{"allow":["GET"]}}],"collection":[{"href":"https:\/\/reitschule.ch\/reitschule\/druckundfoto\/drucki\/index.php?rest_route=\/wp\/v2\/pages"}],"about":[{"href":"https:\/\/reitschule.ch\/reitschule\/druckundfoto\/drucki\/index.php?rest_route=\/wp\/v2\/types\/page"}],"author":[{"embeddable":true,"href":"https:\/\/reitschule.ch\/reitschule\/druckundfoto\/drucki\/index.php?rest_route=\/wp\/v2\/users\/1"}],"replies":[{"embeddable":true,"href":"https:\/\/reitschule.ch\/reitschule\/druckundfoto\/drucki\/index.php?rest_route=%2Fwp%2Fv2%2Fcomments&post=40"}],"version-history":[{"count":4,"href":"https:\/\/reitschule.ch\/reitschule\/druckundfoto\/drucki\/index.php?rest_route=\/wp\/v2\/pages\/40\/revisions"}],"predecessor-version":[{"id":166,"href":"https:\/\/reitschule.ch\/reitschule\/druckundfoto\/drucki\/index.php?rest_route=\/wp\/v2\/pages\/40\/revisions\/166"}],"up":[{"embeddable":true,"href":"https:\/\/reitschule.ch\/reitschule\/druckundfoto\/drucki\/index.php?rest_route=\/wp\/v2\/pages\/8"}],"wp:attachment":[{"href":"https:\/\/reitschule.ch\/reitschule\/druckundfoto\/drucki\/index.php?rest_route=%2Fwp%2Fv2%2Fmedia&parent=40"}],"curies":[{"name":"wp","href":"https:\/\/api.w.org\/{rel}","templated":true}]}}