{"id":44,"date":"2019-01-16T10:13:19","date_gmt":"2019-01-16T10:13:19","guid":{"rendered":"http:\/\/test3.reitschule.ch\/reitschule\/druckitest\/?page_id=44"},"modified":"2019-03-28T09:56:03","modified_gmt":"2019-03-28T09:56:03","slug":"digitaldruck","status":"publish","type":"page","link":"https:\/\/reitschule.ch\/reitschule\/druckundfoto\/drucki\/?page_id=44","title":{"rendered":"Digitaldruck &#038; Plot"},"content":{"rendered":"<p><strong>Digitaldruck<\/strong><br \/>\nDigitaldruck ist der schnellste Weg, um gelieferte Daten in ein gew\u00fcnschtes Druckprodukt umzuwandeln. Egal ob farbig oder schwarz-weiss, die Daten werden ohne aufw\u00e4ndige Vorstufe direkt aufs Papier gebracht. Formate bis max. 320 x 660 mm in einer Grammatur von bis zu 300g\/m2 sind m\u00f6glich auf unserer Xerox Versant 180 Press. Wir verf\u00fcgen \u00fcber eine sehr breite Auswahl an unterschiedlichen Papieren, die sich f\u00fcr den Digitaldruck eignen.<br \/>\n<strong><\/strong><\/p>\n<p><strong>Plotten\u2028<\/strong><br \/>\nMit unserem Epson Stylus Pro 9700 drucken wir grossformatige und hochwertige Schwarz\/weiss- und Farbdrucke in einer Breite bis 107 cm. Die Tinte ist wasserbest\u00e4ndig und lichtfest. Wir f\u00fchren Fotopapier und ungestrichenes Papier verschiedener Grammaturen und wasserfestes Bannermaterial.<\/p>\n","protected":false},"excerpt":{"rendered":"<p>Digitaldruck Digitaldruck ist der schnellste Weg, um gelieferte Daten in ein gew\u00fcnschtes Druckprodukt umzuwandeln. Egal ob farbig oder schwarz-weiss, die Daten werden ohne aufw\u00e4ndige Vorstufe direkt aufs Papier gebracht. Formate bis max. 320 x 660 mm in einer Grammatur von bis zu 300g\/m2 sind m\u00f6glich auf unserer Xerox Versant 180 [&hellip;]<\/p>\n","protected":false},"author":1,"featured_media":0,"parent":8,"menu_order":0,"comment_status":"closed","ping_status":"closed","template":"","meta":{"_themeisle_gutenberg_block_has_review":false,"footnotes":""},"class_list":["post-44","page","type-page","status-publish","hentry"],"_links":{"self":[{"href":"https:\/\/reitschule.ch\/reitschule\/druckundfoto\/drucki\/index.php?rest_route=\/wp\/v2\/pages\/44","targetHints":{"allow":["GET"]}}],"collection":[{"href":"https:\/\/reitschule.ch\/reitschule\/druckundfoto\/drucki\/index.php?rest_route=\/wp\/v2\/pages"}],"about":[{"href":"https:\/\/reitschule.ch\/reitschule\/druckundfoto\/drucki\/index.php?rest_route=\/wp\/v2\/types\/page"}],"author":[{"embeddable":true,"href":"https:\/\/reitschule.ch\/reitschule\/druckundfoto\/drucki\/index.php?rest_route=\/wp\/v2\/users\/1"}],"replies":[{"embeddable":true,"href":"https:\/\/reitschule.ch\/reitschule\/druckundfoto\/drucki\/index.php?rest_route=%2Fwp%2Fv2%2Fcomments&post=44"}],"version-history":[{"count":4,"href":"https:\/\/reitschule.ch\/reitschule\/druckundfoto\/drucki\/index.php?rest_route=\/wp\/v2\/pages\/44\/revisions"}],"predecessor-version":[{"id":165,"href":"https:\/\/reitschule.ch\/reitschule\/druckundfoto\/drucki\/index.php?rest_route=\/wp\/v2\/pages\/44\/revisions\/165"}],"up":[{"embeddable":true,"href":"https:\/\/reitschule.ch\/reitschule\/druckundfoto\/drucki\/index.php?rest_route=\/wp\/v2\/pages\/8"}],"wp:attachment":[{"href":"https:\/\/reitschule.ch\/reitschule\/druckundfoto\/drucki\/index.php?rest_route=%2Fwp%2Fv2%2Fmedia&parent=44"}],"curies":[{"name":"wp","href":"https:\/\/api.w.org\/{rel}","templated":true}]}}