{"id":50,"date":"2019-01-16T10:18:24","date_gmt":"2019-01-16T10:18:24","guid":{"rendered":"http:\/\/test3.reitschule.ch\/reitschule\/druckitest\/?page_id=50"},"modified":"2019-02-27T15:42:01","modified_gmt":"2019-02-27T15:42:01","slug":"weiterverarbeitung-2","status":"publish","type":"page","link":"https:\/\/reitschule.ch\/reitschule\/druckundfoto\/drucki\/?page_id=50","title":{"rendered":"Weiterverarbeitung &#038; Extras"},"content":{"rendered":"<p><strong>Weiterverarbeitung<br \/>\n<\/strong>In der Ausr\u00fcsterei verarbeiten wir die Druckb\u00f6gen zu Endprodukten wie Brosch\u00fcren, Postkarten, Faltkarten oder B\u00fcchern. Wir falzen, heften, schneiden, perforieren, rillen und runden Ecken ab. B\u00fccher und Bl\u00f6cke k\u00f6nnen wir klebebinden. Wenn wir einen Auftrag nicht bei uns erledigen k\u00f6nnen, holen wir gerne eine Offerte in einer lokalen Buchbinderei ein.<strong><br \/>\n<\/strong><\/p>\n<p><strong>Extras<br \/>\n<\/strong><em>Buttons<\/em><br \/>\nWir stellen kleine Buttons (23 mm Durchmesser) her.<\/p>\n<p><em>Laminieren<\/em><br \/>\nWir laminieren bis Format A3, je nach Wunsch mit gl\u00e4nzender oder matter Folie.<\/p>\n<p><em>\u00d6sen<\/em><br \/>\nf\u00fcr Transparente (z.B. geplottet auf Canvas\/Polyester-Leinwand); verschiedene \u00d6sendurchmesser von 5 bis 1.2 mm<\/p>\n<p><strong>&nbsp;<\/strong><\/p>\n","protected":false},"excerpt":{"rendered":"<p>Weiterverarbeitung In der Ausr\u00fcsterei verarbeiten wir die Druckb\u00f6gen zu Endprodukten wie Brosch\u00fcren, Postkarten, Faltkarten oder B\u00fcchern. Wir falzen, heften, schneiden, perforieren, rillen und runden Ecken ab. B\u00fccher und Bl\u00f6cke k\u00f6nnen wir klebebinden. Wenn wir einen Auftrag nicht bei uns erledigen k\u00f6nnen, holen wir gerne eine Offerte in einer lokalen Buchbinderei [&hellip;]<\/p>\n","protected":false},"author":1,"featured_media":0,"parent":8,"menu_order":0,"comment_status":"closed","ping_status":"closed","template":"","meta":{"_themeisle_gutenberg_block_has_review":false,"footnotes":""},"class_list":["post-50","page","type-page","status-publish","hentry"],"_links":{"self":[{"href":"https:\/\/reitschule.ch\/reitschule\/druckundfoto\/drucki\/index.php?rest_route=\/wp\/v2\/pages\/50","targetHints":{"allow":["GET"]}}],"collection":[{"href":"https:\/\/reitschule.ch\/reitschule\/druckundfoto\/drucki\/index.php?rest_route=\/wp\/v2\/pages"}],"about":[{"href":"https:\/\/reitschule.ch\/reitschule\/druckundfoto\/drucki\/index.php?rest_route=\/wp\/v2\/types\/page"}],"author":[{"embeddable":true,"href":"https:\/\/reitschule.ch\/reitschule\/druckundfoto\/drucki\/index.php?rest_route=\/wp\/v2\/users\/1"}],"replies":[{"embeddable":true,"href":"https:\/\/reitschule.ch\/reitschule\/druckundfoto\/drucki\/index.php?rest_route=%2Fwp%2Fv2%2Fcomments&post=50"}],"version-history":[{"count":3,"href":"https:\/\/reitschule.ch\/reitschule\/druckundfoto\/drucki\/index.php?rest_route=\/wp\/v2\/pages\/50\/revisions"}],"predecessor-version":[{"id":179,"href":"https:\/\/reitschule.ch\/reitschule\/druckundfoto\/drucki\/index.php?rest_route=\/wp\/v2\/pages\/50\/revisions\/179"}],"up":[{"embeddable":true,"href":"https:\/\/reitschule.ch\/reitschule\/druckundfoto\/drucki\/index.php?rest_route=\/wp\/v2\/pages\/8"}],"wp:attachment":[{"href":"https:\/\/reitschule.ch\/reitschule\/druckundfoto\/drucki\/index.php?rest_route=%2Fwp%2Fv2%2Fmedia&parent=50"}],"curies":[{"name":"wp","href":"https:\/\/api.w.org\/{rel}","templated":true}]}}